{"id":87,"date":"2016-09-11T22:36:05","date_gmt":"2016-09-11T20:36:05","guid":{"rendered":"http:\/\/coralesfrancescodapaola.it\/wp\/?page_id=87"},"modified":"2022-03-31T16:56:22","modified_gmt":"2022-03-31T14:56:22","slug":"i-corsi","status":"publish","type":"page","link":"https:\/\/coralesfrancescodapaola.it\/wp\/chi-siamo\/scuola-di-musica\/i-corsi\/","title":{"rendered":"I corsi"},"content":{"rendered":"\n<div class=\"wp-block-columns is-layout-flex wp-container-core-columns-is-layout-9d6595d7 wp-block-columns-is-layout-flex\">\n<div class=\"wp-block-column is-layout-flow wp-block-column-is-layout-flow\"><div\n\t\t\t\n\t\t\tclass=\"so-widget-sow-button so-widget-sow-button-flat-24d335a12df0\"\n\t\t\t\n\t\t><div class=\"ow-button-base ow-button-align-center\"\n>\n\t\t\t<a\n\t\t\t\tclass=\"sowb-button ow-icon-placement-left ow-button-hover\" \t>\n\t\t<span>\n\t\t\t\n\t\t\tOrgano e Pianoforte\t\t<\/span>\n\t\t\t<\/a>\n\t<\/div>\n<\/div>\n\n\n<div style=\"height:24px\" aria-hidden=\"true\" class=\"wp-block-spacer\"><\/div>\n\n\n<div\n\t\t\t\n\t\t\tclass=\"so-widget-sow-button so-widget-sow-button-flat-24d335a12df0\"\n\t\t\t\n\t\t><div class=\"ow-button-base ow-button-align-center\"\n>\n\t\t\t<a\n\t\t\t\tclass=\"sowb-button ow-icon-placement-left ow-button-hover\" \t>\n\t\t<span>\n\t\t\t\n\t\t\tBasso elettrico\t\t<\/span>\n\t\t\t<\/a>\n\t<\/div>\n<\/div>\n\n\n<div style=\"height:24px\" aria-hidden=\"true\" class=\"wp-block-spacer\"><\/div>\n\n\n<div\n\t\t\t\n\t\t\tclass=\"so-widget-sow-button so-widget-sow-button-flat-24d335a12df0\"\n\t\t\t\n\t\t><div class=\"ow-button-base ow-button-align-center\"\n>\n\t\t\t<a\n\t\t\t\tclass=\"sowb-button ow-icon-placement-left ow-button-hover\" \t>\n\t\t<span>\n\t\t\t\n\t\t\tArpa\t\t<\/span>\n\t\t\t<\/a>\n\t<\/div>\n<\/div>\n\n\n<div style=\"height:24px\" aria-hidden=\"true\" class=\"wp-block-spacer\"><\/div>\n\n\n<div\n\t\t\t\n\t\t\tclass=\"so-widget-sow-button so-widget-sow-button-flat-24d335a12df0\"\n\t\t\t\n\t\t><div class=\"ow-button-base ow-button-align-center\"\n>\n\t\t\t<a\n\t\t\t\tclass=\"sowb-button ow-icon-placement-left ow-button-hover\" \t>\n\t\t<span>\n\t\t\t\n\t\t\tSaxofono e Clarinetto\t\t<\/span>\n\t\t\t<\/a>\n\t<\/div>\n<\/div>\n\n\n<div style=\"height:24px\" aria-hidden=\"true\" class=\"wp-block-spacer\"><\/div>\n\n\n<div\n\t\t\t\n\t\t\tclass=\"so-widget-sow-button so-widget-sow-button-flat-24d335a12df0\"\n\t\t\t\n\t\t><div class=\"ow-button-base ow-button-align-center\"\n>\n\t\t\t<a\n\t\t\t\tclass=\"sowb-button ow-icon-placement-left ow-button-hover\" \t>\n\t\t<span>\n\t\t\t\n\t\t\tFlauto dolce e traverso\t\t<\/span>\n\t\t\t<\/a>\n\t<\/div>\n<\/div><\/div>\n\n\n\n<div class=\"wp-block-column is-layout-flow wp-block-column-is-layout-flow\"><div\n\t\t\t\n\t\t\tclass=\"so-widget-sow-button so-widget-sow-button-flat-24d335a12df0\"\n\t\t\t\n\t\t><div class=\"ow-button-base ow-button-align-center\"\n>\n\t\t\t<a\n\t\t\t\tclass=\"sowb-button ow-icon-placement-left ow-button-hover\" \t>\n\t\t<span>\n\t\t\t\n\t\t\tViolino e Violoncello\t\t<\/span>\n\t\t\t<\/a>\n\t<\/div>\n<\/div>\n\n\n<div style=\"height:24px\" aria-hidden=\"true\" class=\"wp-block-spacer\"><\/div>\n\n\n<div\n\t\t\t\n\t\t\tclass=\"so-widget-sow-button so-widget-sow-button-flat-24d335a12df0\"\n\t\t\t\n\t\t><div class=\"ow-button-base ow-button-align-center\"\n>\n\t\t\t<a\n\t\t\t\tclass=\"sowb-button ow-icon-placement-left ow-button-hover\" \t>\n\t\t<span>\n\t\t\t\n\t\t\tCanto solistico e corale\t\t<\/span>\n\t\t\t<\/a>\n\t<\/div>\n<\/div>\n\n\n<div style=\"height:24px\" aria-hidden=\"true\" class=\"wp-block-spacer\"><\/div>\n\n\n<div\n\t\t\t\n\t\t\tclass=\"so-widget-sow-button so-widget-sow-button-flat-24d335a12df0\"\n\t\t\t\n\t\t><div class=\"ow-button-base ow-button-align-center\"\n>\n\t\t\t<a\n\t\t\t\tclass=\"sowb-button ow-icon-placement-left ow-button-hover\" \t>\n\t\t<span>\n\t\t\t\n\t\t\tTromba\t\t<\/span>\n\t\t\t<\/a>\n\t<\/div>\n<\/div>\n\n\n<div style=\"height:24px\" aria-hidden=\"true\" class=\"wp-block-spacer\"><\/div>\n\n\n<div\n\t\t\t\n\t\t\tclass=\"so-widget-sow-button so-widget-sow-button-flat-24d335a12df0\"\n\t\t\t\n\t\t><div class=\"ow-button-base ow-button-align-center\"\n>\n\t\t\t<a\n\t\t\t\tclass=\"sowb-button ow-icon-placement-left ow-button-hover\" \t>\n\t\t<span>\n\t\t\t\n\t\t\tBatteria e percussioni\t\t<\/span>\n\t\t\t<\/a>\n\t<\/div>\n<\/div>\n\n\n<div style=\"height:24px\" aria-hidden=\"true\" class=\"wp-block-spacer\"><\/div>\n\n\n<div\n\t\t\t\n\t\t\tclass=\"so-widget-sow-button so-widget-sow-button-flat-24d335a12df0\"\n\t\t\t\n\t\t><div class=\"ow-button-base ow-button-align-center\"\n>\n\t\t\t<a\n\t\t\t\tclass=\"sowb-button ow-icon-placement-left ow-button-hover\" \t>\n\t\t<span>\n\t\t\t\n\t\t\tChitarra classica ed elettrica\t\t<\/span>\n\t\t\t<\/a>\n\t<\/div>\n<\/div><\/div>\n<\/div>\n\n\n\n<p style=\"font-size:14px\">Le esperienze maturate dall&#8217;Associazione Corale S.Francesco da Paola in campo educativo, in particolare a Bagnolo, ci fanno ritenere che il modello organizzativo esistente sia sempre di grande attualit\u00e0.<\/p>\n\n\n\n<p style=\"font-size:14px\">Siamo convinti che, nel lungo termine, questa sia la strada giusta per creare una sorta di &#8220;humus&#8221; necessario per far &#8220;germogliare&#8221; e valorizzare quelle doti di talento che, diversamente, andrebbero quasi sicuramente disperse. Tantissimi sono infatti quei giovani che hanno predisposizione alla musica senza per\u00f2 essere dotati di particolari talenti e sono molti anche coloro che hanno s\u00ec ottime doti, ma non intendono sopportare i sacrifici che il Conservatorio giustamente richiede.<\/p>\n\n\n\n<p style=\"font-size:14px\">Inoltre tra i nostri allievi ve ne sono diversi che si avvicinano alla musica &#8220;tardivamente&#8221;, riconoscendone l&#8217;alto valore artistico e formativo, manifestando il desiderio di impossessarsi di qualche abilit\u00e0 musicale; questo dimostra come la nostra &#8220;popolazione scolastica&#8221; sia particolarmente varia ed articolata.<\/p>\n\n\n\n<p style=\"font-size:14px\">Nostro scrupolo primario \u00e8 sempre stato e sempre sar\u00e0 quello di calibrare il programma, il metodo e il carico di lavoro a misura dell&#8217;allievo. E&#8217; per questo che il direttore incontra sempre personalmente i nuovi iscritti di ogni strumento cercando in seguito di affidarli all&#8217;insegnante da lui ritenuto pi\u00f9 affine e compatibile.<\/p>\n\n\n\n<p style=\"font-size:14px\">I corsi sono strutturati secondo le seguenti possibilit\u00e0 di scelta:<\/p>\n\n\n\n<p style=\"font-size:14px\">&#8211; &nbsp; 1 lezione settimanale individuale di 60 minuti<\/p>\n\n\n\n<p style=\"font-size:14px\">&#8211; &nbsp; 1 lezione settimanale individuale di 45 minuti<\/p>\n\n\n\n<p style=\"font-size:14px\">&#8211; &nbsp; 1 lezione settimanale individuale di 30 minuti.<\/p>\n\n\n\n<p style=\"font-size:14px\">Negli ultimi anni abbiamo avuto alcuni allievi che hanno manifestato il desiderio di aumentare la frequenza, arrivando, per esempio, a raddoppiare le lezioni settimanali. A fronte di un aumento proporzionale della retta, abbiamo assecondato tali richieste rendendo ancor pi\u00f9 flessibile la nostra offerta formativa.<\/p>\n\n\n\n<p style=\"font-size:14px\">I programmi didattici traggono spunto da quelli ministeriali per i Conservatori, opportunamente &#8220;tarati&#8221; a misura dell&#8217;allievo; \u00e8 vitale infatti, per il nostro tipo di Scuola, avere una notevole elasticit\u00e0 per adeguarsi alle reali capacit\u00e0 dell&#8217;allievo ed ai suoi ritmi di studio.<\/p>\n\n\n\n<p style=\"font-size:14px\">Se per un Conservatorio la missione principale \u00e8 quella di formare dei musicisti professionisti, a costo di &#8220;perdere per strada&#8221; qualche allievo, per una Scuola di Base come la nostra il ritiro dell&#8217;allievo rappresenta comunque un fallimento, in quanto egli decide di fare a meno di un valore pulito, libero, civile e positivo qual \u00e8 la musica, a qualsiasi livello essa venga studiata.<\/p>\n\n\n\n<p style=\"font-size:14px\">Riteniamo di aver &#8220;salvato&#8221; numerosissimi percorsi musicali che erano ad un passo dall&#8217;essere interrotti, affiancando talvolta ai brani classici altri di musica leggera o dando talvolta poco lavoro individuale da fare a casa, in attesa di momenti migliori.<\/p>\n\n\n\n<p style=\"font-size:14px\">Ci\u00f2 non significa che l&#8217;atteggiamento di fondo dei nostri insegnanti sia lassista o disimpegnato, tutt&#8217;altro. In questi anni abbiamo maturato l&#8217;esperienza e la convinzione che da un certo punto di vista sia molto pi\u00f9 difficile reperire insegnanti adatti alle nostre scuole piuttosto che insegnanti di conservatorio. Se i docenti seri e preparati non mancano, i nostri insegnanti, oltre a questo, debbono essere estremamente motivati e motivanti, debbono possedere grande entusiasmo e amore per la musica cos\u00ec da poter trasmettere questo valore a chi non ha fatto della musica una scelta di vita. Ecco perch\u00e9 gli insegnanti gi\u00e0 attivi e quelli individuati per i nuovi corsi sono tutti giovani, sebbene gi\u00e0 esperti. Il giovane musicista professionista possiede ancora un entusiasmo capace di &#8220;contagiare&#8221; i nostri allievi, ed ha il vantaggio di contenere lo &#8220;scarto generazionale&#8221; utile per far sentire il musicista in erba a casa propria.<\/p>\n\n\n\n<p><\/p>\n","protected":false},"excerpt":{"rendered":"<p>Le esperienze maturate dall&#8217;Associazione Corale S.Francesco da Paola in campo educativo, in particolare a Bagnolo, ci fanno ritenere che il modello organizzativo esistente sia sempre di grande attualit\u00e0. Siamo convinti che, nel lungo termine, questa sia la strada giusta per creare una sorta di &#8220;humus&#8221; necessario per far &#8220;germogliare&#8221; e valorizzare quelle doti di talento [&hellip;]<\/p>\n","protected":false},"author":1,"featured_media":0,"parent":51,"menu_order":0,"comment_status":"closed","ping_status":"closed","template":"","meta":{"footnotes":""},"class_list":["post-87","page","type-page","status-publish","hentry","post"],"_links":{"self":[{"href":"https:\/\/coralesfrancescodapaola.it\/wp\/wp-json\/wp\/v2\/pages\/87","targetHints":{"allow":["GET"]}}],"collection":[{"href":"https:\/\/coralesfrancescodapaola.it\/wp\/wp-json\/wp\/v2\/pages"}],"about":[{"href":"https:\/\/coralesfrancescodapaola.it\/wp\/wp-json\/wp\/v2\/types\/page"}],"author":[{"embeddable":true,"href":"https:\/\/coralesfrancescodapaola.it\/wp\/wp-json\/wp\/v2\/users\/1"}],"replies":[{"embeddable":true,"href":"https:\/\/coralesfrancescodapaola.it\/wp\/wp-json\/wp\/v2\/comments?post=87"}],"version-history":[{"count":5,"href":"https:\/\/coralesfrancescodapaola.it\/wp\/wp-json\/wp\/v2\/pages\/87\/revisions"}],"predecessor-version":[{"id":3430,"href":"https:\/\/coralesfrancescodapaola.it\/wp\/wp-json\/wp\/v2\/pages\/87\/revisions\/3430"}],"up":[{"embeddable":true,"href":"https:\/\/coralesfrancescodapaola.it\/wp\/wp-json\/wp\/v2\/pages\/51"}],"wp:attachment":[{"href":"https:\/\/coralesfrancescodapaola.it\/wp\/wp-json\/wp\/v2\/media?parent=87"}],"curies":[{"name":"wp","href":"https:\/\/api.w.org\/{rel}","templated":true}]}}