{"id":336,"date":"2016-11-28T22:47:00","date_gmt":"2016-11-28T21:47:00","guid":{"rendered":"http:\/\/coralesfrancescodapaola.it\/wp\/?page_id=336"},"modified":"2022-03-29T17:19:30","modified_gmt":"2022-03-29T15:19:30","slug":"emanuele-gozzi-chitarra","status":"publish","type":"page","link":"https:\/\/coralesfrancescodapaola.it\/wp\/chi-siamo\/scuola-di-musica\/insegnanti\/emanuele-gozzi-chitarra\/","title":{"rendered":"Emanuele Gozzi &#8211; Chitarra"},"content":{"rendered":"\n<div class=\"wp-block-image\"><figure class=\"alignleft\"><img loading=\"lazy\" decoding=\"async\" width=\"280\" height=\"300\" src=\"https:\/\/coralesfrancescodapaola.it\/wp\/wp-content\/uploads\/2016\/09\/emanuele_gozzi-280x300.jpg\" alt=\"emanuele_gozzi\" class=\"wp-image-97\" srcset=\"https:\/\/coralesfrancescodapaola.it\/wp\/wp-content\/uploads\/2016\/09\/emanuele_gozzi-280x300.jpg 280w, https:\/\/coralesfrancescodapaola.it\/wp\/wp-content\/uploads\/2016\/09\/emanuele_gozzi-768x823.jpg 768w, https:\/\/coralesfrancescodapaola.it\/wp\/wp-content\/uploads\/2016\/09\/emanuele_gozzi.jpg 916w\" sizes=\"auto, (max-width: 280px) 100vw, 280px\" \/><\/figure><\/div>\n\n\n\n<p style=\"font-size:14px\">\u201cLe vicissitudini che mi hanno portato ad imbracciare una chitarra elettrica e farmi suonare su un palco di fronte a tante persone sono molte e diverse. Da quando a 8 anni \u00e8 iniziato il mio cammino nel mondo della musica, per strada ho incontrato molti e simpatici compagni d&#8217;avventura: dapprima l&#8217;insipida coppia flauto dolce-solfeggio, poi il solito triste solfeggio abbinato al pianoforte, con la sua grande e profonda espressivit\u00e0, fino a che non ho indossato la mitica sei corde ed \u00e8 stato amore profondo&#8230; ma soprattutto studio profondo. S\u00ec&#8230; indossare, perch\u00e9 la chitarra, adesso come adesso, \u00e8 parte del mio abbigliamento, \u00e8 come un indumento senza del quale sinceramente mi sentirei nudo. Un ringraziamento speciale va proprio a Lei, la mia amata chitarra, non solo perch\u00e9 mi veste un po&#8217; di pi\u00f9, ma anche perch\u00e9, dopo tanto tempo, continua a farmi provare emozioni sempre nuove: mi permette di stare su un palco, di girare per l&#8217;Italia, di conoscere nuovi amici, ma soprattutto di fare ci\u00f2 che mi diverte. Perch\u00e9 il trucco della splendida avventura che sto vivendo insieme ai Mirage \u00e8 proprio il fatto che tutto questo, anche dopo tanto tempo, mi diverte e spero possa continuare ancora per molto.&#8221;<\/p>\n","protected":false},"excerpt":{"rendered":"<p>\u201cLe vicissitudini che mi hanno portato ad imbracciare una chitarra elettrica e farmi suonare su un palco di fronte a tante persone sono molte e diverse. Da quando a 8 anni \u00e8 iniziato il mio cammino nel mondo della musica, per strada ho incontrato molti e simpatici compagni d&#8217;avventura: dapprima l&#8217;insipida coppia flauto dolce-solfeggio, poi [&hellip;]<\/p>\n","protected":false},"author":3,"featured_media":0,"parent":89,"menu_order":0,"comment_status":"closed","ping_status":"closed","template":"","meta":{"footnotes":""},"class_list":["post-336","page","type-page","status-publish","hentry","post"],"_links":{"self":[{"href":"https:\/\/coralesfrancescodapaola.it\/wp\/wp-json\/wp\/v2\/pages\/336","targetHints":{"allow":["GET"]}}],"collection":[{"href":"https:\/\/coralesfrancescodapaola.it\/wp\/wp-json\/wp\/v2\/pages"}],"about":[{"href":"https:\/\/coralesfrancescodapaola.it\/wp\/wp-json\/wp\/v2\/types\/page"}],"author":[{"embeddable":true,"href":"https:\/\/coralesfrancescodapaola.it\/wp\/wp-json\/wp\/v2\/users\/3"}],"replies":[{"embeddable":true,"href":"https:\/\/coralesfrancescodapaola.it\/wp\/wp-json\/wp\/v2\/comments?post=336"}],"version-history":[{"count":2,"href":"https:\/\/coralesfrancescodapaola.it\/wp\/wp-json\/wp\/v2\/pages\/336\/revisions"}],"predecessor-version":[{"id":3384,"href":"https:\/\/coralesfrancescodapaola.it\/wp\/wp-json\/wp\/v2\/pages\/336\/revisions\/3384"}],"up":[{"embeddable":true,"href":"https:\/\/coralesfrancescodapaola.it\/wp\/wp-json\/wp\/v2\/pages\/89"}],"wp:attachment":[{"href":"https:\/\/coralesfrancescodapaola.it\/wp\/wp-json\/wp\/v2\/media?parent=336"}],"curies":[{"name":"wp","href":"https:\/\/api.w.org\/{rel}","templated":true}]}}